{"id":1222,"date":"2024-12-17T17:45:19","date_gmt":"2024-12-17T17:45:19","guid":{"rendered":"https:\/\/lifeoasis.eu\/privacy-policy\/"},"modified":"2025-03-16T19:50:26","modified_gmt":"2025-03-16T19:50:26","slug":"privacy-policy","status":"publish","type":"page","link":"https:\/\/lifeoasis.eu\/es\/privacy-policy\/","title":{"rendered":"Pol\u00edtica de privacidad"},"content":{"rendered":"\n<p>El Proyecto LIFE OASIS considera que usted tiene el derecho fundamental a la privacidad en la web y trabajamos para proteger su seguridad en l\u00ednea. Esta pol\u00edtica se aplica a https:\/\/lifeoasis.eu\/; es posible que ciertas p\u00e1ginas web (por ejemplo, sitios de campa\u00f1as) la utilicen o tengan pol\u00edticas de privacidad y cookies espec\u00edficas para cada sitio. Siempre solicitaremos su aprobaci\u00f3n para cualquier otro uso de sus datos si esta pol\u00edtica no contempla su consentimiento.<\/p>\n\n\n\n<p><\/p>\n\n\n\n<p>Notas introductorias.<\/p>\n\n\n\n<ol class=\"wp-block-list\">\n<li>Esta declaraci\u00f3n de privacidad del sitio web est\u00e1 dise\u00f1ada para publicarse en el sitio web de LIFE OASIS.<\/li>\n\n\n\n<li>Esta declaraci\u00f3n de privacidad del sitio web est\u00e1 dise\u00f1ada para proporcionar informaci\u00f3n general, con el fin de cumplir con los requisitos del RGPD, a las personas cuyos datos personales LIFE OASIS recopila como visitantes de un sitio web de LIFE OASIS.<\/li>\n\n\n\n<li>Este documento no est\u00e1 dirigido a empleados de LIFE OASIS, ni a otros miembros del personal ni a otras personas que interact\u00faan con LIFE OASIS (es decir, salvo como visitantes ocasionales del sitio web) en su calidad de tales.<\/li>\n<\/ol>\n\n\n\n<p><\/p>\n\n\n\n<p><strong>LIFE OASIS y la privacidad de datos<\/strong><\/p>\n\n\n\n<p>LIFE OASIS se compromete a proteger y respetar su privacidad. Esta declaraci\u00f3n de privacidad establece las bases sobre las que LIFE OASIS procesar\u00e1 cualquier informaci\u00f3n personal que recopilemos sobre usted como visitante del sitio web de LIFE OASIS o, seg\u00fan sea el caso, proporcionada a LIFE OASIS. Por lo tanto, le pedimos que lea atentamente esta declaraci\u00f3n de privacidad. La informaci\u00f3n que recopilamos sobre usted. Podemos recopilar y procesar la siguiente informaci\u00f3n sobre usted:<\/p>\n\n\n\n<ul class=\"wp-block-list\">\n<li>Informaci\u00f3n que nos proporciona: Esta es la informaci\u00f3n que nos proporciona al: (i) utilizar nuestro sitio web y las opciones disponibles, (ii) suscribirse a las actualizaciones por correo electr\u00f3nico, (iii) contactarnos para solicitar informaci\u00f3n o ayuda, (iv) firmar en una lista de firmas, (v) hacerse donante por medios distintos a internet, (vi) participar en las campa\u00f1as de LIFE OASIS, (vii) responder a cualquier encuesta de este sitio web, o (viii) proporcionar informaci\u00f3n a trav\u00e9s de sitios web o aplicaciones de terceros, siempre que haya dado su consentimiento expl\u00edcito para la aplicaci\u00f3n de esta pol\u00edtica de privacidad a trav\u00e9s de dichos sitios web o aplicaciones. Puede incluir, por ejemplo, su nombre, direcci\u00f3n postal, correo electr\u00f3nico o n\u00famero de tel\u00e9fono.<\/li>\n\n\n\n<li>Informaci\u00f3n que nuestro sitio web y otros sistemas recopilan sobre usted:<\/li>\n\n\n\n<li>Si visita nuestro sitio web, terceros (Google Analytics) recopilar\u00e1n informaci\u00f3n sobre usted y su visita, como el tipo y la versi\u00f3n de su navegador y las p\u00e1ginas que visita. Google Analytics no recopilar\u00e1 la direcci\u00f3n IP (protocolo de internet) utilizada para conectar su dispositivo a internet. <a href=\"https:\/\/support.google.com\/accounts\/answer\/3024190?hl=en\">Puede solicitar a Google<\/a> que extraiga sus datos relacionados con el sitio web de LIFE OASIS. Esta informaci\u00f3n se puede utilizar con fines estad\u00edsticos y nos ayudar\u00e1 a mejorar nuestro sitio web.<\/li>\n\n\n\n<li>Nuestro sitio web tambi\u00e9n puede descargar cookies en su dispositivo.<\/li>\n\n\n\n<li>Si intercambia correos electr\u00f3nicos, conversaciones telef\u00f3nicas u otras comunicaciones electr\u00f3nicas (incluidos comentarios en este sitio web) con empleados y otros miembros del personal de LIFE OASIS o, en su caso, medios de comunicaci\u00f3n electr\u00f3nica en sitios web o aplicaciones de terceros, como chatbots vinculados a LIFE OASIS, los sistemas inform\u00e1ticos registrar\u00e1n los detalles de dichas conversaciones, a veces incluyendo su contenido.<\/li>\n\n\n\n<li>Nuestro sitio web tambi\u00e9n puede descargar cookies en su dispositivo.<\/li>\n\n\n\n<li>Informaci\u00f3n que terceros recopilan sobre usted en nuestro sitio web al navegar por \u00e9l: Se trata de informaci\u00f3n sobre usted registrada\/rastreada por terceros simplemente al usar el sitio web, como navegar de una p\u00e1gina a otra (este evento ser\u00e1 rastreado) o al ver un video incrustado de Facebook (si ha iniciado sesi\u00f3n en Facebook).<\/li>\n<\/ul>\n\n\n\n<p>El uso que hacemos de su informaci\u00f3n recopilada<\/p>\n\n\n\n<p>Podemos utilizar su informaci\u00f3n para los siguientes fines:<\/p>\n\n\n\n<ul class=\"wp-block-list\">\n<li>Para dar a conocer sus acciones en nuestro sitio web y a terceros. Por ejemplo, su nombre podr\u00eda aparecer junto con sus comentarios en nuestro sitio web.<\/li>\n\n\n\n<li>Para enviarle actualizaciones y alertas por correo electr\u00f3nico, correo postal, mensajer\u00eda instant\u00e1nea, notificaciones push o tel\u00e9fono.<\/li>\n<\/ul>\n\n\n\n<p>Solo procesaremos su informaci\u00f3n personal seg\u00fan sea necesario para los fines mencionados. Al hacerlo, consideraremos el equilibrio entre su privacidad y nuestro inter\u00e9s en el procesamiento, y nos abstendremos de procesarla si su inter\u00e9s en la privacidad prevalece sobre nuestro inter\u00e9s leg\u00edtimo. En circunstancias excepcionales, tambi\u00e9n podr\u00edamos estar legalmente obligados a divulgar o procesar su informaci\u00f3n personal. Cuando le solicitemos informaci\u00f3n sobre usted, le indicaremos si proporcionar la informaci\u00f3n solicitada es necesario para el cumplimiento de una obligaci\u00f3n legal o, por otro lado, si es puramente voluntario. No habr\u00e1 consecuencias si se niega a proporcionar la informaci\u00f3n. Si no est\u00e1 seguro de si LIFE OASIS necesita la informaci\u00f3n que le solicitamos, p\u00f3ngase en contacto con el representante de LIFE OASIS que la solicita o cont\u00e1ctenos (ver m\u00e1s abajo) con su consulta. Divulgaci\u00f3n y transferencia internacional de su informaci\u00f3n: Podemos divulgar su informaci\u00f3n personal cuando hayamos obtenido su consentimiento o cuando sea razonablemente necesario para los diversos fines establecidos anteriormente:<\/p>\n\n\n\n<ul class=\"wp-block-list\">\n<li>A un LIFE OASIS con sede en el pa\u00eds desde el que realiz\u00f3 la acci\u00f3n en este sitio web;<\/li>\n\n\n\n<li>A proveedores de servicios que alojan nuestro sitio web u otros sistemas de tecnolog\u00eda de la informaci\u00f3n, o que almacenan o procesan su informaci\u00f3n en nuestro nombre bajo al menos el mismo nivel de estrictas condiciones de confidencialidad y seguridad;<\/li>\n\n\n\n<li>A autoridades judiciales u otras autoridades p\u00fablicas, en caso de que nuestra responsabilidad legal o moral nos obligue a hacerlo (por ejemplo, si usted manifiesta su intenci\u00f3n de llevar a cabo una actividad terrorista);<\/li>\n\n\n\n<li>O a contrapartes en litigios en cualquier pa\u00eds o territorio, aunque solo si estamos legalmente obligados a hacerlo y no tenemos fundamento ni perspectivas satisfactorias para impugnar la divulgaci\u00f3n.<\/li>\n<\/ul>\n\n\n\n<p>Estas divulgaciones pueden implicar la transferencia de su informaci\u00f3n personal al extranjero. Si trata con nosotros dentro del Espacio Econ\u00f3mico Europeo, tenga en cuenta que esto puede incluir transferencias a pa\u00edses fuera del Espacio Econ\u00f3mico Europeo, que no cuentan con leyes de privacidad de datos igualmente estrictas. En los casos en que transfiramos datos personales a LIFE OASIS o a nuestros proveedores de servicios, nos aseguraremos de que nuestros acuerdos con ellos se rijan por acuerdos de transferencia de datos o mecanismos dise\u00f1ados para garantizar la protecci\u00f3n de su informaci\u00f3n personal (incluido, cuando corresponda, un acuerdo en t\u00e9rminos aprobados a tal efecto por la Comisi\u00f3n Europea). P\u00f3ngase en contacto con nosotros (ver m\u00e1s abajo) si desea saber si existe alg\u00fan acuerdo de este tipo o, de ser as\u00ed, para ver una copia.<\/p>\n\n\n\n<p><\/p>\n\n\n\n<p><strong>Retenci\u00f3n y eliminaci\u00f3n de su informaci\u00f3n<\/strong><\/p>\n\n\n\n<p>LIFE OASIS se compromete a mantener su informaci\u00f3n personal precisa y actualizada. Eliminaremos la informaci\u00f3n que tengamos sobre usted cuando ya no la necesitemos. Conservaremos su informaci\u00f3n durante un m\u00e1ximo de dos a\u00f1os despu\u00e9s de nuestra \u00faltima comunicaci\u00f3n con usted, tras lo cual ser\u00e1 eliminada o anonimizada, a menos que tengamos la obligaci\u00f3n legal de conservarla durante un periodo m\u00e1s prolongado. Cont\u00e1ctenos para m\u00e1s informaci\u00f3n.<\/p>\n\n\n\n<p><\/p>\n\n\n\n<p><strong>Sus derechos<\/strong><\/p>\n\n\n\n<p>Es posible que tenga derecho a acceder a la informaci\u00f3n personal que tenemos sobre usted y a cierta informaci\u00f3n relacionada seg\u00fan la ley de protecci\u00f3n de datos.<\/p>\n\n\n\n<ul class=\"wp-block-list\">\n<li>Tambi\u00e9n puede solicitar la correcci\u00f3n o eliminaci\u00f3n de cualquier informaci\u00f3n personal inexacta.<\/li>\n\n\n\n<li>Puede oponerse a que utilicemos su informaci\u00f3n personal con fines de marketing directo en cualquier momento. En otras circunstancias, puede tener derecho a oponerse a que procesemos parte o la totalidad de su informaci\u00f3n personal (y a solicitar su eliminaci\u00f3n).<\/li>\n\n\n\n<li>En algunas circunstancias, tambi\u00e9n puede tener derecho a la portabilidad de datos para solicitarnos que le transfiramos sus datos a usted o a un nuevo proveedor de servicios.<\/li>\n<\/ul>\n\n\n\n<p>Si desea ejercer alguno de estos derechos, p\u00f3ngase en contacto con nosotros como se indica a continuaci\u00f3n. Debemos solicitarle una prueba de identidad antes de acceder a su informaci\u00f3n personal. Si desea que eliminemos su informaci\u00f3n de nuestra lista de correo, haga clic en el enlace \u00abCancelar suscripci\u00f3n\u00bb al final de cualquier correo electr\u00f3nico que le hayamos enviado o cont\u00e1ctenos como se indica a continuaci\u00f3n.<\/p>\n\n\n\n<p><\/p>\n\n\n\n<p><strong>Medidas de seguridad<\/strong><\/p>\n\n\n\n<p>S\u00f3lo los empleados que necesitan acceder a informaci\u00f3n sobre los seguidores y visitantes del sitio web para realizar su trabajo tienen acceso a sus datos.<\/p>\n\n\n\n<p><\/p>\n\n\n\n<p><strong>Contacta con nosotros<\/strong><\/p>\n\n\n\n<p>Agradecemos sus preguntas, comentarios y solicitudes sobre esta declaraci\u00f3n de privacidad y nuestro procesamiento de datos personales. Env\u00edenos un correo electr\u00f3nico a info@lifeoa_admin.<\/p>\n\n\n\n<p><\/p>\n\n\n\n<p><strong>Cambios a esta pol\u00edtica<\/strong><\/p>\n\n\n\n<p>Cualquier cambio que hagamos a esta declaraci\u00f3n de privacidad en el futuro se publicar\u00e1 en nuestro sitio web y tambi\u00e9n estar\u00e1 disponible si se comunica con nosotros como se indic\u00f3 anteriormente.<\/p>\n\n\n\n<p><\/p>\n\n\n\n<p><strong>Pol\u00edtica de cookies de LIFE OASIS<\/strong><\/p>\n\n\n\n<p>Queremos asegurarnos de que disfrute navegando por nuestro sitio web. Para mejorar su experiencia y recopilar informaci\u00f3n sobre su uso de nuestro sitio, instalamos cookies en su ordenador. Las cookies son archivos de texto que contienen peque\u00f1as cantidades de informaci\u00f3n que se descargan en su dispositivo cuando visita un sitio web. Posteriormente, se env\u00edan de vuelta al sitio web de origen en cada visita posterior o a otro sitio web que las reconozca.<\/p>\n\n\n\n<ul class=\"wp-block-list\">\n<li>Las cookies permiten que nuestros sistemas reconozcan el dispositivo del usuario y activen inmediatamente la configuraci\u00f3n predefinida.<\/li>\n\n\n\n<li>En cuanto un usuario accede a la plataforma, se env\u00eda una cookie al disco duro de su ordenador.<\/li>\n<\/ul>\n\n\n\n<p><\/p>\n\n\n\n<p><strong>Las cookies son funcionales porque:<\/strong><\/p>\n\n\n\n<ul class=\"wp-block-list\">\n<li>Permiten que un sitio web reconozca el dispositivo del usuario y adapte el contenido mostrado a sus intereses.<\/li>\n\n\n\n<li>Nos ayudan a mejorar nuestro sitio web.<\/li>\n\n\n\n<li>Ofrecerle un mejor servicio, m\u00e1s adaptado a sus necesidades.<\/li>\n\n\n\n<li>Nos permiten reconocer su dispositivo cuando regresa a nuestro sitio web.<\/li>\n\n\n\n<li>Almacenan informaci\u00f3n sobre sus actividades favoritas en el sitio web, lo que nos permite adaptar nuestro sitio web a sus intereses. Esto puede, por ejemplo, incluir publicidad seg\u00fan sus intereses y agilizar la gesti\u00f3n de sus consultas.<\/li>\n<\/ul>\n\n\n\n<p>Al utilizar nuestro sitio web, usted acepta que, a menos que haya configurado el navegador de su ordenador para que las rechace, podemos instalar los tipos de cookies que se indican a continuaci\u00f3n en su dispositivo y utilizar esos datos de acuerdo con esta pol\u00edtica. Tipos de cookies: Existen dos tipos generales de cookies: \u00abcookies propias\u00bb y \u00abcookies de terceros\u00bb.<\/p>\n\n\n\n<ul class=\"wp-block-list\">\n<li>Las cookies de origen son enviadas directamente por el operador del sitio web a su ordenador. Suelen utilizarse para reconocer su ordenador al volver a visitar el sitio y para recordar sus preferencias al navegar. Estas son nuestras cookies.<\/li>\n\n\n\n<li>Un proveedor de servicios env\u00eda cookies de terceros en nombre del operador del sitio web, que pueden ser utilizadas por este para reconocer su ordenador al visitar otros sitios web. Las cookies de terceros se utilizan habitualmente para fines de an\u00e1lisis web o publicitarios.<\/li>\n<\/ul>\n\n\n\n<p><\/p>\n\n\n\n<p><strong>Uso de cookies: <\/strong><br>Esta tabla explica las cookies que pueden instalarse en su equipo mientras utiliza este sitio web. Las cookies de origen se instalar\u00e1n autom\u00e1ticamente a menos que su navegador est\u00e9 configurado para rechazarlas. Las cookies restantes solo se instalar\u00e1n si usted acepta nuestra pol\u00edtica de privacidad. LIFE OASIS no regula la publicaci\u00f3n de cookies de terceros. Visite el sitio web del tercero correspondiente, como Facebook, Instagram o YouTube, si desea obtener m\u00e1s informaci\u00f3n sobre estas cookies. Si no desea utilizar cookies, puede configurar su navegador para que no se acepte el almacenamiento de cookies. Si solo desea recibir nuestras propias cookies, pero no las cookies de nuestros proveedores de servicios y socios, seleccione \u00abbloquear cookies de terceros\u00bb (o una configuraci\u00f3n similar en su navegador). Puede cambiar sus preferencias de cookies. \u00bfQu\u00e9 cookies desea aceptar? Seleccione las cookies que desea almacenar.<\/p>\n\n\n\n<p><strong>Las cookies de origen (obligatorias)<\/strong> siempre est\u00e1n habilitadas. Estas cookies son necesarias por razones t\u00e9cnicas para que puedas visitar nuestro sitio web y utilizar nuestras funciones. Estas cookies te reconocen entre visitas sucesivas y, por lo tanto, te ofrecen una mejor experiencia, almacenando tus preferencias de consentimiento y el \u00faltimo sitio web de LIFE OASIS Project.org visitado.<\/p>\n\n\n\n<p><strong>Cookies de rendimiento: <\/strong>Utilizamos herramientas de seguimiento y an\u00e1lisis para garantizar la optimizaci\u00f3n continua y un dise\u00f1o adaptado a la demanda de nuestro sitio web. Estas cookies nos permiten recopilar datos estad\u00edsticos y an\u00f3nimos, como el uso que los visitantes hacen de nuestro sitio web o las p\u00e1ginas que acceden con m\u00e1s frecuencia, para mejorar LIFE OASIS y ofrecerle una mejor experiencia en nuestro sitio web.<\/p>\n\n\n\n<p><strong>Cookies de marketing<\/strong>: Adem\u00e1s de las cookies de rendimiento mencionadas anteriormente, tambi\u00e9n podemos colocar cookies de servicios de terceros (p. ej., Facebook o Google) en su navegador para rastrear la efectividad de nuestras estrategias de marketing en l\u00ednea y para mostrarle anuncios m\u00e1s relevantes para usted y sus intereses. Estas cookies tambi\u00e9n pueden usarse para anunciarle despu\u00e9s de que haya abandonado nuestro sitio (cookies de retargeting). Uso de Google Analytics LIFE OASIS utiliza Google Analytics para recopilar el uso que los visitantes hacen de nuestro sitio web y analizar los datos para ayudarnos a mantener y mejorar el dise\u00f1o de nuestro sitio web. Google Analytics genera informaci\u00f3n estad\u00edstica y de otro tipo sobre el uso del sitio web utilizando cookies almacenadas en los ordenadores de los usuarios. Las cookies de Google Analytics solo se aplicar\u00e1n cuando se d\u00e9 el consentimiento para las cookies de \u00abRendimiento\u00bb. En caso de no dar el consentimiento, Google Analytics seguir\u00e1 ejecut\u00e1ndose y recopilando datos agregados. Si no desea obtener las cookies de an\u00e1lisis, cambie la configuraci\u00f3n de cookies anterior (\u00abcambiar sus preferencias de cookies\u00bb).<\/p>\n\n\n\n<p><\/p>\n\n\n\n<p><strong>Contacta con nosotros <br><\/strong>Este sitio web es propiedad de LIFE OASIS y est\u00e1 gestionado por ella. Si tiene alguna pregunta sobre nuestras cookies o esta pol\u00edtica de cookies, no dude en ponerse en contacto con el administrador web en communication@lifeoasis.eu.<\/p>\n\n\n\n<p><\/p>\n","protected":false},"excerpt":{"rendered":"<p>El Proyecto LIFE OASIS considera que usted tiene el derecho fundamental a la privacidad en la web y trabajamos para proteger su seguridad en l\u00ednea. Esta pol\u00edtica se aplica a <a href=\"https:\/\/lifeoasis.eu\/es\/privacy-policy\/\" class=\"more-link\">&#8230;<span class=\"screen-reader-text\">  Pol\u00edtica de privacidad<\/span><\/a><\/p>\n","protected":false},"author":1,"featured_media":0,"parent":0,"menu_order":0,"comment_status":"closed","ping_status":"closed","template":"page-policy.php","meta":{"_acf_changed":false,"footnotes":""},"class_list":["post-1222","page","type-page","status-publish","hentry"],"acf":[],"_links":{"self":[{"href":"https:\/\/lifeoasis.eu\/es\/wp-json\/wp\/v2\/pages\/1222","targetHints":{"allow":["GET"]}}],"collection":[{"href":"https:\/\/lifeoasis.eu\/es\/wp-json\/wp\/v2\/pages"}],"about":[{"href":"https:\/\/lifeoasis.eu\/es\/wp-json\/wp\/v2\/types\/page"}],"author":[{"embeddable":true,"href":"https:\/\/lifeoasis.eu\/es\/wp-json\/wp\/v2\/users\/1"}],"replies":[{"embeddable":true,"href":"https:\/\/lifeoasis.eu\/es\/wp-json\/wp\/v2\/comments?post=1222"}],"version-history":[{"count":3,"href":"https:\/\/lifeoasis.eu\/es\/wp-json\/wp\/v2\/pages\/1222\/revisions"}],"predecessor-version":[{"id":1303,"href":"https:\/\/lifeoasis.eu\/es\/wp-json\/wp\/v2\/pages\/1222\/revisions\/1303"}],"wp:attachment":[{"href":"https:\/\/lifeoasis.eu\/es\/wp-json\/wp\/v2\/media?parent=1222"}],"curies":[{"name":"wp","href":"https:\/\/api.w.org\/{rel}","templated":true}]}}