{"id":1206,"date":"2024-12-17T17:06:14","date_gmt":"2024-12-17T17:06:14","guid":{"rendered":"https:\/\/lifeoasis.eu\/terms-and-conditions\/"},"modified":"2025-03-14T13:42:29","modified_gmt":"2025-03-14T13:42:29","slug":"terms-and-conditions","status":"publish","type":"page","link":"https:\/\/lifeoasis.eu\/es\/terms-and-conditions\/","title":{"rendered":"T\u00e9rminos y condiciones"},"content":{"rendered":"\n<p>Bienvenido a nuestro sitio web LIFE OASIS. Si contin\u00faa navegando y utilizando este sitio web, acepta cumplir y estar sujeto a los siguientes t\u00e9rminos y condiciones de uso, que, junto con nuestra pol\u00edtica de privacidad, rigen la relaci\u00f3n de LIFE OASIS con usted en relaci\u00f3n con este sitio web. No utilice nuestro sitio web si no est\u00e1 de acuerdo con alguno de estos t\u00e9rminos y condiciones.<\/p>\n\n\n\n<p>El t\u00e9rmino \u00abLIFE OASIS\u00bb o \u00abnosotros\u00bb se refiere al propietario del sitio web que se registr\u00f3. El t\u00e9rmino \u00abusted\u00bb se refiere al usuario o visitante de nuestro sitio web.<\/p>\n\n\n\n<p>El uso de este sitio web est\u00e1 sujeto a las siguientes condiciones de uso:<\/p>\n\n\n\n<ul class=\"wp-block-list\">\n<li>El contenido de las p\u00e1ginas de este sitio web es \u00fanicamente para su informaci\u00f3n y uso general. Est\u00e1 sujeto a cambios sin previo aviso.<\/li>\n\n\n\n<li>Este sitio web utiliza cookies para controlar las preferencias de navegaci\u00f3n. Si permite el uso de cookies, es posible que almacenemos la siguiente informaci\u00f3n personal para su uso por parte de terceros.<\/li>\n\n\n\n<li>Ni nosotros ni terceros ofrecemos garant\u00eda alguna respecto a la exactitud, puntualidad, rendimiento, integridad o idoneidad de la informaci\u00f3n y los materiales que se encuentran u ofrecen en este sitio web para ning\u00fan fin en particular. Usted reconoce que dicha informaci\u00f3n y materiales pueden contener inexactitudes o errores, y excluimos expresamente la responsabilidad por dichas inexactitudes o errores en la m\u00e1xima medida permitida por la ley.<\/li>\n\n\n\n<li>El uso que usted haga de cualquier informaci\u00f3n o material de este sitio web es bajo su propio riesgo, por lo que no seremos responsables. Usted se asegurar\u00e1 de que los productos, servicios o informaci\u00f3n de este sitio web cumplan con sus requisitos.<\/li>\n\n\n\n<li>Este sitio web contiene material de nuestra propiedad o bajo licencia. Este material incluye, entre otros, el dise\u00f1o, la maquetaci\u00f3n, la apariencia y los gr\u00e1ficos. Se proh\u00edbe la reproducci\u00f3n, salvo por el aviso de derechos de autor que forma parte de estos t\u00e9rminos y condiciones.<\/li>\n\n\n\n<li>Todas las marcas registradas reproducidas en este sitio web, que no sean propiedad del operador ni est\u00e9n licenciadas a este, se reconocen en el sitio web.<\/li>\n\n\n\n<li>El uso no autorizado de este sitio web puede dar lugar a una reclamaci\u00f3n por da\u00f1os y perjuicios o constituir un delito penal.<\/li>\n\n\n\n<li>Ocasionalmente, este sitio web puede incluir enlaces a otros sitios web. Estos enlaces se proporcionan para su comodidad y para proporcionarle m\u00e1s informaci\u00f3n. No implican que respaldemos el\/los sitio(s) web. No nos responsabilizamos del contenido de los sitios web enlazados.<\/li>\n<\/ul>\n","protected":false},"excerpt":{"rendered":"<p>Bienvenido a nuestro sitio web LIFE OASIS. Si contin\u00faa navegando y utilizando este sitio web, acepta cumplir y estar sujeto a los siguientes t\u00e9rminos y condiciones de uso, que, junto <a href=\"https:\/\/lifeoasis.eu\/es\/terms-and-conditions\/\" class=\"more-link\">&#8230;<span class=\"screen-reader-text\">  T\u00e9rminos y condiciones<\/span><\/a><\/p>\n","protected":false},"author":1,"featured_media":0,"parent":0,"menu_order":0,"comment_status":"closed","ping_status":"closed","template":"page-policy.php","meta":{"_acf_changed":false,"footnotes":""},"class_list":["post-1206","page","type-page","status-publish","hentry"],"acf":[],"_links":{"self":[{"href":"https:\/\/lifeoasis.eu\/es\/wp-json\/wp\/v2\/pages\/1206","targetHints":{"allow":["GET"]}}],"collection":[{"href":"https:\/\/lifeoasis.eu\/es\/wp-json\/wp\/v2\/pages"}],"about":[{"href":"https:\/\/lifeoasis.eu\/es\/wp-json\/wp\/v2\/types\/page"}],"author":[{"embeddable":true,"href":"https:\/\/lifeoasis.eu\/es\/wp-json\/wp\/v2\/users\/1"}],"replies":[{"embeddable":true,"href":"https:\/\/lifeoasis.eu\/es\/wp-json\/wp\/v2\/comments?post=1206"}],"version-history":[{"count":2,"href":"https:\/\/lifeoasis.eu\/es\/wp-json\/wp\/v2\/pages\/1206\/revisions"}],"predecessor-version":[{"id":1274,"href":"https:\/\/lifeoasis.eu\/es\/wp-json\/wp\/v2\/pages\/1206\/revisions\/1274"}],"wp:attachment":[{"href":"https:\/\/lifeoasis.eu\/es\/wp-json\/wp\/v2\/media?parent=1206"}],"curies":[{"name":"wp","href":"https:\/\/api.w.org\/{rel}","templated":true}]}}